{"id":42,"date":"2019-12-14T15:22:56","date_gmt":"2019-12-14T14:22:56","guid":{"rendered":"http:\/\/manousjourney.com\/?page_id=42"},"modified":"2024-06-22T14:57:19","modified_gmt":"2024-06-22T12:57:19","slug":"qui-suis-je","status":"publish","type":"page","link":"https:\/\/manousjourney.com\/index.php\/presentation\/qui-suis-je\/","title":{"rendered":"Qui suis-je ?"},"content":{"rendered":"\n<p class=\"has-text-align-center\">En octobre 2022, je suis partie habiter aux USA&#8230; O\u00f9 je suis rest\u00e9e 14 mois !<\/p>\n\n\n\n<p class=\"has-text-align-center\">Si ce blog avait pour but de vous partager mon aventure am\u00e9ricaine, il me sert aujourd&rsquo;hui \u00e0 partager d&rsquo;une fa\u00e7on plus g\u00e9n\u00e9rale mes diff\u00e9rents voyages, mes bons plans et bonnes adresses dans les villes et pays que je visite.<\/p>\n\n\n\n<p class=\"has-text-align-center\">Si vous aussi vous souhaitez vous expatrier aux Etats-Unis, en passant notamment par le Disney Program, toutes les informations sont dans la partie concern\u00e9e. Et je me fais un plaisir de r\u00e9pondre \u00e0 toutes les questions, que vous passiez par mon Instagram ou par email.<\/p>\n\n\n\n<p class=\"has-text-align-center\">Et sinon ? Moi c&rsquo;est Manou, normande de 31 ans, ancienne Cast Member \u00e0 Disneyland Paris et Walt Disney World, aujourd&rsquo;hui cheffe de projets en communication, cavali\u00e8re et hockeyeuse, mais aussi photographe et vid\u00e9aste dans l&rsquo;\u00e2me !<\/p>\n\n\n\n<p class=\"has-text-align-center\"><em> Contact : manousjourney@gmail.com<\/em><\/p>\n","protected":false},"excerpt":{"rendered":"<p>En octobre 2022, je suis partie habiter aux USA&#8230; O\u00f9 je suis rest\u00e9e 14 mois ! Si ce blog avait pour but de vous partager mon aventure am\u00e9ricaine, il me sert aujourd&rsquo;hui \u00e0 partager d&rsquo;une fa\u00e7on plus g\u00e9n\u00e9rale mes diff\u00e9rents voyages, mes bons plans et bonnes adresses dans les villes et pays que je visite. &hellip; <\/p>\n","protected":false},"author":1,"featured_media":54,"parent":16,"menu_order":0,"comment_status":"closed","ping_status":"closed","template":"","meta":{"_seopress_robots_primary_cat":"","_seopress_titles_title":"","_seopress_titles_desc":"","_seopress_robots_index":"","footnotes":""},"class_list":["post-42","page","type-page","status-publish","has-post-thumbnail","hentry"],"_links":{"self":[{"href":"https:\/\/manousjourney.com\/index.php\/wp-json\/wp\/v2\/pages\/42","targetHints":{"allow":["GET"]}}],"collection":[{"href":"https:\/\/manousjourney.com\/index.php\/wp-json\/wp\/v2\/pages"}],"about":[{"href":"https:\/\/manousjourney.com\/index.php\/wp-json\/wp\/v2\/types\/page"}],"author":[{"embeddable":true,"href":"https:\/\/manousjourney.com\/index.php\/wp-json\/wp\/v2\/users\/1"}],"replies":[{"embeddable":true,"href":"https:\/\/manousjourney.com\/index.php\/wp-json\/wp\/v2\/comments?post=42"}],"version-history":[{"count":10,"href":"https:\/\/manousjourney.com\/index.php\/wp-json\/wp\/v2\/pages\/42\/revisions"}],"predecessor-version":[{"id":1212,"href":"https:\/\/manousjourney.com\/index.php\/wp-json\/wp\/v2\/pages\/42\/revisions\/1212"}],"up":[{"embeddable":true,"href":"https:\/\/manousjourney.com\/index.php\/wp-json\/wp\/v2\/pages\/16"}],"wp:featuredmedia":[{"embeddable":true,"href":"https:\/\/manousjourney.com\/index.php\/wp-json\/wp\/v2\/media\/54"}],"wp:attachment":[{"href":"https:\/\/manousjourney.com\/index.php\/wp-json\/wp\/v2\/media?parent=42"}],"curies":[{"name":"wp","href":"https:\/\/api.w.org\/{rel}","templated":true}]}}