{"id":16,"date":"2020-07-29T19:17:18","date_gmt":"2020-07-29T17:17:18","guid":{"rendered":"http:\/\/manousjourney.com\/?page_id=16"},"modified":"2025-04-12T11:17:25","modified_gmt":"2025-04-12T09:17:25","slug":"presentation","status":"publish","type":"page","link":"https:\/\/manousjourney.com\/index.php\/presentation\/","title":{"rendered":"Pr\u00e9sentation"},"content":{"rendered":"\n<p>Bonjour et bienvenue sur mon blog ! Moi c&rsquo;est Manou. 32 ans, et toujours en qu\u00eate de nouvelles aventures. De mon aventure \u00e0 la Walt Disney Company (Floride) \u00e0 mes voyages&#8230; Je vous emm\u00e8ne avec moi !<\/p>\n","protected":false},"excerpt":{"rendered":"<p>Bonjour et bienvenue sur mon blog ! Moi c&rsquo;est Manou. 32 ans, et toujours en qu\u00eate de nouvelles aventures. De mon aventure \u00e0 la Walt Disney Company (Floride) \u00e0 mes voyages&#8230; Je vous emm\u00e8ne avec moi !<\/p>\n","protected":false},"author":1,"featured_media":0,"parent":0,"menu_order":0,"comment_status":"open","ping_status":"closed","template":"","meta":{"_seopress_robots_primary_cat":"","_seopress_titles_title":"","_seopress_titles_desc":"Bonjour, moi c'est Manou, 32 ans, et toujours en qu\u00eate de nouvelles aventures ! \r\nSur ce blog, je vous emm\u00e8ne en voyage avec moi et vous partage mes bonnes adresses et astuces !","_seopress_robots_index":"","footnotes":""},"class_list":["post-16","page","type-page","status-publish","hentry"],"_links":{"self":[{"href":"https:\/\/manousjourney.com\/index.php\/wp-json\/wp\/v2\/pages\/16","targetHints":{"allow":["GET"]}}],"collection":[{"href":"https:\/\/manousjourney.com\/index.php\/wp-json\/wp\/v2\/pages"}],"about":[{"href":"https:\/\/manousjourney.com\/index.php\/wp-json\/wp\/v2\/types\/page"}],"author":[{"embeddable":true,"href":"https:\/\/manousjourney.com\/index.php\/wp-json\/wp\/v2\/users\/1"}],"replies":[{"embeddable":true,"href":"https:\/\/manousjourney.com\/index.php\/wp-json\/wp\/v2\/comments?post=16"}],"version-history":[{"count":4,"href":"https:\/\/manousjourney.com\/index.php\/wp-json\/wp\/v2\/pages\/16\/revisions"}],"predecessor-version":[{"id":1223,"href":"https:\/\/manousjourney.com\/index.php\/wp-json\/wp\/v2\/pages\/16\/revisions\/1223"}],"wp:attachment":[{"href":"https:\/\/manousjourney.com\/index.php\/wp-json\/wp\/v2\/media?parent=16"}],"curies":[{"name":"wp","href":"https:\/\/api.w.org\/{rel}","templated":true}]}}