{"id":135,"date":"2019-12-15T22:47:55","date_gmt":"2019-12-15T21:47:55","guid":{"rendered":"http:\/\/manousjourney.com\/?page_id=135"},"modified":"2023-04-29T23:53:58","modified_gmt":"2023-04-29T21:53:58","slug":"pourquoi-ce-blog","status":"publish","type":"page","link":"https:\/\/manousjourney.com\/index.php\/presentation\/pourquoi-ce-blog\/","title":{"rendered":"Pourquoi ce blog ?"},"content":{"rendered":"\n<p class=\"has-text-align-center\">Partir habiter \u00e0 l&rsquo;\u00e9tranger, c&rsquo;est sympa. \u00catre bien renseign\u00e9, c&rsquo;est mieux ! <br>D\u00e8s que j&rsquo;ai su o\u00f9 j&rsquo;allais travailler et habiter, j&rsquo;ai voulu me renseigner un maximum sur ce qui m&rsquo;attendais. Apr\u00e8s de nombreuses recherches, je n&rsquo;ai trouv\u00e9 que des blogs avec des informations datant de plusieurs ann\u00e9es ou ne correspondant pas exactement \u00e0 ce que je recherchais. <br>A travers ce blog, j&rsquo;esp\u00e8re pouvoir informer un maximum les personnes qui, comme moi, ont envie de partir, notamment via les programmes de la Walt Disney Company, \u00e0 Orlando : comment aller travailler aux USA ? Comment est la vie d&rsquo;expatri\u00e9 l\u00e0-bas ? Que peut-on faire en un an (activit\u00e9s et voyages) ? A quoi s&rsquo;attendre d&rsquo;une telle exp\u00e9rience ? <br><\/p>\n\n\n\n<p class=\"has-text-align-center\">J&rsquo;habite aux USA depuis plusieurs mois maintenant et je travaille actuellement pour la Walt Disney Company, en Floride. Si tu passes par l\u00e0, que tu as pour projet de t&rsquo;expatrier aussi \u00e0 Orlando et que tu te poses 12 000 questions&#8230; N&rsquo;h\u00e9site pas \u00e0 me contacter !  L&rsquo;aventure am\u00e9ricaine me laisse, en ce moment, peut de temps pour \u00e9crire ici, mais je suis toujours active pour r\u00e9pondre \u00e0 toutes les interrogations (d\u00e9marches, vie sur place,&#8230;).<\/p>\n\n\n\n<figure class=\"wp-block-image size-large\"><img loading=\"lazy\" decoding=\"async\" width=\"819\" height=\"1024\" src=\"https:\/\/manousjourney.com\/wp-content\/uploads\/2023\/04\/343568925_1230472954272667_8457236607103754150_n-819x1024.jpg\" alt=\"Brooklyn bridge\" class=\"wp-image-734\" srcset=\"https:\/\/manousjourney.com\/wp-content\/uploads\/2023\/04\/343568925_1230472954272667_8457236607103754150_n-819x1024.jpg 819w, https:\/\/manousjourney.com\/wp-content\/uploads\/2023\/04\/343568925_1230472954272667_8457236607103754150_n-240x300.jpg 240w, https:\/\/manousjourney.com\/wp-content\/uploads\/2023\/04\/343568925_1230472954272667_8457236607103754150_n-768x960.jpg 768w, https:\/\/manousjourney.com\/wp-content\/uploads\/2023\/04\/343568925_1230472954272667_8457236607103754150_n-1229x1536.jpg 1229w, https:\/\/manousjourney.com\/wp-content\/uploads\/2023\/04\/343568925_1230472954272667_8457236607103754150_n-48x60.jpg 48w, https:\/\/manousjourney.com\/wp-content\/uploads\/2023\/04\/343568925_1230472954272667_8457236607103754150_n.jpg 1638w\" sizes=\"auto, (max-width: 819px) 100vw, 819px\" \/><\/figure>\n","protected":false},"excerpt":{"rendered":"<p>Partir habiter \u00e0 l&rsquo;\u00e9tranger, c&rsquo;est sympa. \u00catre bien renseign\u00e9, c&rsquo;est mieux ! D\u00e8s que j&rsquo;ai su o\u00f9 j&rsquo;allais travailler et habiter, j&rsquo;ai voulu me renseigner un maximum sur ce qui m&rsquo;attendais. Apr\u00e8s de nombreuses recherches, je n&rsquo;ai trouv\u00e9 que des blogs avec des informations datant de plusieurs ann\u00e9es ou ne correspondant pas exactement \u00e0 ce &hellip; <\/p>\n","protected":false},"author":1,"featured_media":0,"parent":16,"menu_order":1,"comment_status":"open","ping_status":"closed","template":"","meta":{"_seopress_robots_primary_cat":"","_seopress_titles_title":"","_seopress_titles_desc":"","_seopress_robots_index":"","footnotes":""},"class_list":["post-135","page","type-page","status-publish","hentry"],"_links":{"self":[{"href":"https:\/\/manousjourney.com\/index.php\/wp-json\/wp\/v2\/pages\/135","targetHints":{"allow":["GET"]}}],"collection":[{"href":"https:\/\/manousjourney.com\/index.php\/wp-json\/wp\/v2\/pages"}],"about":[{"href":"https:\/\/manousjourney.com\/index.php\/wp-json\/wp\/v2\/types\/page"}],"author":[{"embeddable":true,"href":"https:\/\/manousjourney.com\/index.php\/wp-json\/wp\/v2\/users\/1"}],"replies":[{"embeddable":true,"href":"https:\/\/manousjourney.com\/index.php\/wp-json\/wp\/v2\/comments?post=135"}],"version-history":[{"count":6,"href":"https:\/\/manousjourney.com\/index.php\/wp-json\/wp\/v2\/pages\/135\/revisions"}],"predecessor-version":[{"id":736,"href":"https:\/\/manousjourney.com\/index.php\/wp-json\/wp\/v2\/pages\/135\/revisions\/736"}],"up":[{"embeddable":true,"href":"https:\/\/manousjourney.com\/index.php\/wp-json\/wp\/v2\/pages\/16"}],"wp:attachment":[{"href":"https:\/\/manousjourney.com\/index.php\/wp-json\/wp\/v2\/media?parent=135"}],"curies":[{"name":"wp","href":"https:\/\/api.w.org\/{rel}","templated":true}]}}